{"id":337,"date":"2025-07-22T14:48:21","date_gmt":"2025-07-22T12:48:21","guid":{"rendered":"https:\/\/lacortedellario.demosmartsite.com\/?page_id=337"},"modified":"2025-12-24T11:48:42","modified_gmt":"2025-12-24T10:48:42","slug":"esperienze","status":"publish","type":"page","link":"https:\/\/lacortedellario.demosmartsite.com\/de\/esperienze\/","title":{"rendered":"Erlebnisse"},"content":{"rendered":"<section class=\"bde-section-337-146 bde-section\">\n              \n  \n  \n\t\n\n  <div class=\"section-background-overlay\"><\/div>\n\n\n<div class=\"section-container\"><h1 class=\"bde-heading-337-147 bde-heading\">\nErlebnisse\n<\/h1><div class=\"bde-text-337-148 bde-text\">\nEntdecken Sie Neapel und seine Umgebung durch authentische Erlebnisse, die so ausgew\u00e4hlt wurden, dass Ihr Aufenthalt zu etwas ganz Besonderem wird. Von den Wundern der Amalfik\u00fcste bis hin zu Touren, die der Kultur und dem Geschmack gewidmet sind, bieten wir Ihnen eine Welt der Emotionen auf Tastendruck.\n<\/div><\/div>\n<\/section><section class=\"bde-section-337-104 bde-section\">\n  \n  \n\t\n\n\n\n<div class=\"section-container\"><div class=\"bde-columns-337-105 bde-columns\"><div class=\"bde-column-337-106 bde-column\">\n  \n  \n\t\n\n\n\n<div class=\"bde-text-337-107 bde-text\">\nAbenteuer und Entspannung\n<\/div><h2 class=\"bde-heading-337-108 bde-heading\">\nGef\u00fchrte Erlebnisse &amp; organisierte Touren\n<\/h2><div class=\"bde-text-337-109 bde-text\">\nWir nehmen Sie mit auf eine Entdeckungsreise zu den ber\u00fchmtesten Orten Kampaniens: Sorrent, Positano, Amalfi, Capri, die Campi Flegrei, Pompeji, der K\u00f6nigspalast von Caserta und vieles mehr. Egal, ob Sie sich f\u00fcr eine gemeinsame Tour oder einen privaten F\u00fchrer entscheiden, jedes Erlebnis bietet Ihnen unvergessliche Ausblicke, authentische Geschichten und das Vergn\u00fcgen, die Gegend wie ein echter Einheimischer zu erleben.\n<\/div><a class=\"bde-container-link-337-143 bde-container-link breakdance-link\" href=\"https:\/\/www.booknowitaly.com\/it?tok=150re\" target=\"_blank\" data-type=\"url\">\n  \n  \n\t\n\n\n\n<div class=\"bde-text-337-144 bde-text\">\nBUCHEN SIE JETZT IHR ERLEBNIS\n<\/div><div class=\"bde-icon-337-145 bde-icon\">\n\n    \n            <div class=\"bde-icon-icon breakdance-icon-atom\" >\n    \n                    <svg xmlns=\"http:\/\/www.w3.org\/2000\/svg\" viewbox=\"0 0 448 512\"><!--! Font Awesome Free 6.5.1 by @fontawesome - https:\/\/fontawesome.com License - https:\/\/fontawesome.com\/license\/free (Icons: CC BY 4.0, Fonts: SIL OFL 1.1, Code: MIT License) Copyright 2023 Fonticons, Inc. --><path d=\"M438.6 278.6c12.5-12.5 12.5-32.8 0-45.3l-160-160c-12.5-12.5-32.8-12.5-45.3 0s-12.5 32.8 0 45.3L338.8 224 32 224c-17.7 0-32 14.3-32 32s14.3 32 32 32l306.7 0L233.4 393.4c-12.5 12.5-12.5 32.8 0 45.3s32.8 12.5 45.3 0l160-160z\"\/><\/svg>\n        \n        \n        \n            <\/div>\n    \n\n\n<\/div>\n\n<\/a><div class=\"bde-image-337-110 bde-image\" data-entrance=\"fade\">\n<figure class=\"breakdance-image breakdance-image--549\">\n\t<div class=\"breakdance-image-container\">\n\t\t<div class=\"breakdance-image-clip\"><img loading=\"lazy\" decoding=\"async\" class=\"breakdance-image-object\" src=\"https:\/\/lacortedellario.demosmartsite.com\/wp-content\/uploads\/2025\/11\/napoli-3.webp\" width=\"1280\" height=\"1707\" srcset=\"https:\/\/lacortedellario.demosmartsite.com\/wp-content\/uploads\/2025\/11\/napoli-3.webp 1280w, https:\/\/lacortedellario.demosmartsite.com\/wp-content\/uploads\/2025\/11\/napoli-3-225x300.webp 225w, https:\/\/lacortedellario.demosmartsite.com\/wp-content\/uploads\/2025\/11\/napoli-3-768x1024.webp 768w, https:\/\/lacortedellario.demosmartsite.com\/wp-content\/uploads\/2025\/11\/napoli-3-1152x1536.webp 1152w, https:\/\/lacortedellario.demosmartsite.com\/wp-content\/uploads\/2025\/11\/napoli-3-9x12.webp 9w\" sizes=\"auto, (max-width: 1280px) 100vw, 1280px\"><\/div>\n\t<\/div><\/figure>\n\n<\/div>\n<\/div><div class=\"bde-column-337-111 bde-column\">\n  \n  \n\t\n\n\n\n<img decoding=\"async\" class=\"bde-image2-337-112 bde-image2\" src=\"https:\/\/lacortedellario.demosmartsite.com\/wp-content\/uploads\/2025\/11\/napoli-8.webp\" loading=\"lazy\" srcset=\"https:\/\/lacortedellario.demosmartsite.com\/wp-content\/uploads\/2025\/11\/napoli-8.webp 1280w, https:\/\/lacortedellario.demosmartsite.com\/wp-content\/uploads\/2025\/11\/napoli-8-225x300.webp 225w, https:\/\/lacortedellario.demosmartsite.com\/wp-content\/uploads\/2025\/11\/napoli-8-768x1024.webp 768w, https:\/\/lacortedellario.demosmartsite.com\/wp-content\/uploads\/2025\/11\/napoli-8-1152x1536.webp 1152w, https:\/\/lacortedellario.demosmartsite.com\/wp-content\/uploads\/2025\/11\/napoli-8-9x12.webp 9w\" sizes=\"(max-width: 1280px) 100vw, 1280px\" data-entrance=\"fade\"><h3 class=\"bde-heading-337-113 bde-heading\">\nMa\u00dfgeschneiderte Vermietungen &amp; Erlebnisse\n<\/h3><div class=\"bde-text-337-114 bde-text\">\nWenn Sie lieber auf eigene Faust auf Entdeckungstour gehen m\u00f6chten, k\u00f6nnen Sie Fahrr\u00e4der, Autos, Boote und Beiboote mieten, um die K\u00fcste und die Stadt in aller Freiheit zu erkunden. Und f\u00fcr diejenigen, die ein einzigartiges Erlebnis w\u00fcnschen, k\u00f6nnen Sie exklusive Dienstleistungen wie Hubschrauber, Luxustransfers oder private Ausfl\u00fcge zum Sonnenuntergang anfordern.\n<\/div><a class=\"bde-container-link-337-149 bde-container-link breakdance-link\" href=\"https:\/\/www.booknowitaly.com\/it?tok=150re\" target=\"_blank\" data-type=\"url\">\n  \n  \n\t\n\n\n\n<div class=\"bde-text-337-150 bde-text\">\nAlle Dienstleistungen entdecken und buchen\n<\/div><div class=\"bde-icon-337-151 bde-icon\">\n\n    \n            <div class=\"bde-icon-icon breakdance-icon-atom\" >\n    \n                    <svg xmlns=\"http:\/\/www.w3.org\/2000\/svg\" viewbox=\"0 0 448 512\"><!--! Font Awesome Free 6.5.1 by @fontawesome - https:\/\/fontawesome.com License - https:\/\/fontawesome.com\/license\/free (Icons: CC BY 4.0, Fonts: SIL OFL 1.1, Code: MIT License) Copyright 2023 Fonticons, Inc. --><path d=\"M438.6 278.6c12.5-12.5 12.5-32.8 0-45.3l-160-160c-12.5-12.5-32.8-12.5-45.3 0s-12.5 32.8 0 45.3L338.8 224 32 224c-17.7 0-32 14.3-32 32s14.3 32 32 32l306.7 0L233.4 393.4c-12.5 12.5-12.5 32.8 0 45.3s32.8 12.5 45.3 0l160-160z\"\/><\/svg>\n        \n        \n        \n            <\/div>\n    \n\n\n<\/div>\n\n<\/a>\n<\/div><\/div><\/div>\n<\/section><section class=\"bde-section-337-116 bde-section\">\n  \n  \n\t\n\n\n\n<div class=\"section-container\"><div class=\"bde-columns-337-117 bde-columns\"><div class=\"bde-column-337-118 bde-column\">\n  \n  \n\t\n\n\n\n<h2 class=\"bde-heading-337-120 bde-heading\">\nEine Stadt voller M\u00f6glichkeiten\n<\/h2><div class=\"bde-text-337-121 bde-text\">\nWenn Sie im Le Corti del Re wohnen, k\u00f6nnen Sie die faszinierendsten Sch\u00e4tze Neapels zu Fu\u00df erreichen. Der K\u00f6nigspalast, die Piazza del Plebiscito, das Theater San Carlo und die Via Chiaia sind nur einen angenehmen Spaziergang entfernt, ebenso wie die Bourbonengalerie und das ber\u00fchmte Maschio Angioino.\n<\/div><div class=\"bde-image-337-125 bde-image\" data-entrance=\"fade\">\n<figure class=\"breakdance-image breakdance-image--548\">\n\t<div class=\"breakdance-image-container\">\n\t\t<div class=\"breakdance-image-clip\"><img loading=\"lazy\" decoding=\"async\" class=\"breakdance-image-object\" src=\"https:\/\/lacortedellario.demosmartsite.com\/wp-content\/uploads\/2025\/11\/napoli-4.webp\" width=\"1280\" height=\"1920\" srcset=\"https:\/\/lacortedellario.demosmartsite.com\/wp-content\/uploads\/2025\/11\/napoli-4.webp 1280w, https:\/\/lacortedellario.demosmartsite.com\/wp-content\/uploads\/2025\/11\/napoli-4-200x300.webp 200w, https:\/\/lacortedellario.demosmartsite.com\/wp-content\/uploads\/2025\/11\/napoli-4-683x1024.webp 683w, https:\/\/lacortedellario.demosmartsite.com\/wp-content\/uploads\/2025\/11\/napoli-4-768x1152.webp 768w, https:\/\/lacortedellario.demosmartsite.com\/wp-content\/uploads\/2025\/11\/napoli-4-1024x1536.webp 1024w, https:\/\/lacortedellario.demosmartsite.com\/wp-content\/uploads\/2025\/11\/napoli-4-8x12.webp 8w\" sizes=\"auto, (max-width: 1280px) 100vw, 1280px\"><\/div>\n\t<\/div><\/figure>\n\n<\/div>\n<\/div><div class=\"bde-column-337-126 bde-column\">\n  \n  \n\t\n\n\n\n<img decoding=\"async\" class=\"bde-image2-337-127 bde-image2\" src=\"https:\/\/lacortedellario.demosmartsite.com\/wp-content\/uploads\/2025\/11\/napoli-7.webp\" loading=\"lazy\" srcset=\"https:\/\/lacortedellario.demosmartsite.com\/wp-content\/uploads\/2025\/11\/napoli-7.webp 1280w, https:\/\/lacortedellario.demosmartsite.com\/wp-content\/uploads\/2025\/11\/napoli-7-200x300.webp 200w, https:\/\/lacortedellario.demosmartsite.com\/wp-content\/uploads\/2025\/11\/napoli-7-683x1024.webp 683w, https:\/\/lacortedellario.demosmartsite.com\/wp-content\/uploads\/2025\/11\/napoli-7-768x1152.webp 768w, https:\/\/lacortedellario.demosmartsite.com\/wp-content\/uploads\/2025\/11\/napoli-7-1024x1536.webp 1024w, https:\/\/lacortedellario.demosmartsite.com\/wp-content\/uploads\/2025\/11\/napoli-7-8x12.webp 8w\" sizes=\"(max-width: 1280px) 100vw, 1280px\" data-entrance=\"fade\"><h3 class=\"bde-heading-337-128 bde-heading\">\nWarum Le Corti del Re w\u00e4hlen<br>\n<\/h3><div class=\"bde-text-337-129 bde-text\">\nDie strategische Lage des Hotels macht es einfach, die Stadt zu erkunden, einschlie\u00dflich Kunst, Geschichte, Einkaufsm\u00f6glichkeiten und ikonischen Ansichten. Und um den Flughafen bequem zu erreichen, steht ein spezieller Shuttleservice zur Verf\u00fcgung.\n<\/div><a class=\"bde-container-link-337-152 bde-container-link breakdance-link\" href=\"https:\/\/www.booknowitaly.com\/it?tok=150re\" target=\"_blank\" data-type=\"url\">\n  \n  \n\t\n\n\n\n<div class=\"bde-text-337-153 bde-text\">\nBUCHEN SIE JETZT IHR ERLEBNIS\n<\/div><div class=\"bde-icon-337-154 bde-icon\">\n\n    \n            <div class=\"bde-icon-icon breakdance-icon-atom\" >\n    \n                    <svg xmlns=\"http:\/\/www.w3.org\/2000\/svg\" viewbox=\"0 0 448 512\"><!--! Font Awesome Free 6.5.1 by @fontawesome - https:\/\/fontawesome.com License - https:\/\/fontawesome.com\/license\/free (Icons: CC BY 4.0, Fonts: SIL OFL 1.1, Code: MIT License) Copyright 2023 Fonticons, Inc. --><path d=\"M438.6 278.6c12.5-12.5 12.5-32.8 0-45.3l-160-160c-12.5-12.5-32.8-12.5-45.3 0s-12.5 32.8 0 45.3L338.8 224 32 224c-17.7 0-32 14.3-32 32s14.3 32 32 32l306.7 0L233.4 393.4c-12.5 12.5-12.5 32.8 0 45.3s32.8 12.5 45.3 0l160-160z\"\/><\/svg>\n        \n        \n        \n            <\/div>\n    \n\n\n<\/div>\n\n<\/a>\n<\/div><\/div><\/div>\n<\/section>","protected":false},"excerpt":{"rendered":"<p>Esperienze Scopri Napoli e i suoi dintorni attraverso esperienze autentiche, curate e selezionate per rendere il tuo soggiorno ancora pi\u00f9 speciale. Dalle meraviglie della Costiera ai tour dedicati alla cultura e al gusto, ti offriamo un mondo di emozioni a portata di mano. avventura e relax Esperienze guidate &#038; Tour organizzati Lasciati accompagnare alla scoperta [&hellip;]<\/p>\n","protected":false},"author":3,"featured_media":0,"parent":0,"menu_order":0,"comment_status":"closed","ping_status":"closed","template":"","meta":{"_breakdance_hide_in_design_set":false,"_breakdance_tags":"","footnotes":""},"class_list":["post-337","page","type-page","status-publish","hentry"],"_links":{"self":[{"href":"https:\/\/lacortedellario.demosmartsite.com\/de\/wp-json\/wp\/v2\/pages\/337","targetHints":{"allow":["GET"]}}],"collection":[{"href":"https:\/\/lacortedellario.demosmartsite.com\/de\/wp-json\/wp\/v2\/pages"}],"about":[{"href":"https:\/\/lacortedellario.demosmartsite.com\/de\/wp-json\/wp\/v2\/types\/page"}],"author":[{"embeddable":true,"href":"https:\/\/lacortedellario.demosmartsite.com\/de\/wp-json\/wp\/v2\/users\/3"}],"replies":[{"embeddable":true,"href":"https:\/\/lacortedellario.demosmartsite.com\/de\/wp-json\/wp\/v2\/comments?post=337"}],"version-history":[{"count":34,"href":"https:\/\/lacortedellario.demosmartsite.com\/de\/wp-json\/wp\/v2\/pages\/337\/revisions"}],"predecessor-version":[{"id":975,"href":"https:\/\/lacortedellario.demosmartsite.com\/de\/wp-json\/wp\/v2\/pages\/337\/revisions\/975"}],"wp:attachment":[{"href":"https:\/\/lacortedellario.demosmartsite.com\/de\/wp-json\/wp\/v2\/media?parent=337"}],"curies":[{"name":"wp","href":"https:\/\/api.w.org\/{rel}","templated":true}]}}